{"id":7294,"date":"2025-02-27T09:04:56","date_gmt":"2025-02-27T08:04:56","guid":{"rendered":"https:\/\/kaba.farm\/leistungen\/angebote\/"},"modified":"2025-03-07T12:27:58","modified_gmt":"2025-03-07T11:27:58","slug":"offerings","status":"publish","type":"page","link":"https:\/\/kaba.farm\/en\/services\/offerings\/","title":{"rendered":"Offerings"},"content":{"rendered":"\t\t<div data-elementor-type=\"wp-page\" data-elementor-id=\"7294\" class=\"elementor elementor-7294 elementor-6067\">\n\t\t\t\t\t\t<div class=\"elementor-section elementor-top-section elementor-element elementor-element-13b1481 elementor-section-full_width elementor-section-height-default elementor-section-height-default nt-section-ripped-top ripped-top-no nt-section-ripped-bottom ripped-bottom-no\" data-id=\"13b1481\" data-element_type=\"section\" data-e-type=\"section\">\n\t\t\t\t\t\t<div class=\"elementor-container elementor-column-gap-no\">\n\t\t\t\t\t<div class=\"elementor-column elementor-col-100 elementor-top-column elementor-element elementor-element-b2ee28a\" data-id=\"b2ee28a\" data-element_type=\"column\" data-e-type=\"column\">\n\t\t\t<div class=\"elementor-widget-wrap elementor-element-populated\">\n\t\t\t\t\t\t<div class=\"elementor-element elementor-element-f4d1f83 elementor-widget elementor-widget-agrikon-page-hero\" data-id=\"f4d1f83\" data-element_type=\"widget\" data-e-type=\"widget\" data-widget_type=\"agrikon-page-hero.default\">\n\t\t\t\t<div class=\"elementor-widget-container\">\n\t\t\t\t\t<div class=\"page-header\"><div class=\"page-header__bg\"><\/div><div class=\"container\"><div aria-label=\"Breadcrumbs\" class=\"breadcrumb-trail breadcrumbs\"><ul class=\"breadcrumbs thm-breadcrumb list-unstyled\"><li  class=\"trail-item breadcrumb_item trail-end breadcrumb_active\"><a href=\"https:\/\/kaba.farm\/en\/\" rel=\"home\" itemprop=\"item\"><span>Home<\/span><\/a><\/li><\/ul><\/div><h2 class=\"page-title\">Offerings<\/h2><\/div><\/div>\t\t\t\t<\/div>\n\t\t\t\t<\/div>\n\t\t\t\t\t<\/div>\n\t\t<\/div>\n\t\t\t\t\t<\/div>\n\t\t<\/div>\n\t\t\t\t<section class=\"elementor-section elementor-top-section elementor-element elementor-element-4c5d64f elementor-section-boxed elementor-section-height-default elementor-section-height-default nt-section-ripped-top ripped-top-no nt-section-ripped-bottom ripped-bottom-no\" data-id=\"4c5d64f\" data-element_type=\"section\" data-e-type=\"section\">\n\t\t\t\t\t\t<div class=\"elementor-container elementor-column-gap-default\">\n\t\t\t\t\t<div class=\"elementor-column elementor-col-100 elementor-top-column elementor-element elementor-element-77a1a8a\" data-id=\"77a1a8a\" data-element_type=\"column\" data-e-type=\"column\">\n\t\t\t<div class=\"elementor-widget-wrap elementor-element-populated\">\n\t\t\t\t\t\t<div class=\"elementor-element elementor-element-c30ae5c agrikon-transform transform-type-translate elementor-widget elementor-widget-heading\" data-id=\"c30ae5c\" data-element_type=\"widget\" data-e-type=\"widget\" data-widget_type=\"heading.default\">\n\t\t\t\t<div class=\"elementor-widget-container\">\n\t\t\t\t\t<h2 class=\"elementor-heading-title elementor-size-default\">Erlebe besondere Momente auf unserer Farm<\/h2>\t\t\t\t<\/div>\n\t\t\t\t<\/div>\n\t\t\t\t<div class=\"elementor-element elementor-element-7435063 agrikon-transform transform-type-translate elementor-widget elementor-widget-heading\" data-id=\"7435063\" data-element_type=\"widget\" data-e-type=\"widget\" data-widget_type=\"heading.default\">\n\t\t\t\t<div class=\"elementor-widget-container\">\n\t\t\t\t\t<p class=\"elementor-heading-title elementor-size-default\">Tauche ein in das Leben auf unserer Farm \u2013 ob bei einer gef\u00fchrten Farmtour, einer entspannten Weinbergwanderung oder einer privaten Feier in einzigartiger Umgebung. Unsere Angebote laden dazu ein, Natur, Tiere und regionale Kulinarik hautnah zu erleben.<\/p>\t\t\t\t<\/div>\n\t\t\t\t<\/div>\n\t\t\t\t\t<\/div>\n\t\t<\/div>\n\t\t\t\t\t<\/div>\n\t\t<\/section>\n\t\t\t\t<section class=\"elementor-section elementor-top-section elementor-element elementor-element-8d825cd elementor-section-boxed elementor-section-height-default elementor-section-height-default nt-section-ripped-top ripped-top-no nt-section-ripped-bottom ripped-bottom-no\" data-id=\"8d825cd\" data-element_type=\"section\" data-e-type=\"section\">\n\t\t\t\t\t\t<div class=\"elementor-container elementor-column-gap-default\">\n\t\t\t\t\t<div class=\"elementor-column elementor-col-100 elementor-top-column elementor-element elementor-element-7ed745e\" data-id=\"7ed745e\" data-element_type=\"column\" data-e-type=\"column\">\n\t\t\t<div class=\"elementor-widget-wrap elementor-element-populated\">\n\t\t\t\t\t\t<div class=\"elementor-element elementor-element-86183b9 agrikon-transform transform-type-translate elementor-widget elementor-widget-heading\" data-id=\"86183b9\" data-element_type=\"widget\" data-e-type=\"widget\" data-widget_type=\"heading.default\">\n\t\t\t\t<div class=\"elementor-widget-container\">\n\t\t\t\t\t<h2 class=\"elementor-heading-title elementor-size-default\">Private Feiern<\/h2>\t\t\t\t<\/div>\n\t\t\t\t<\/div>\n\t\t\t\t<div class=\"elementor-element elementor-element-8f98912 agrikon-transform transform-type-translate elementor-widget elementor-widget-heading\" data-id=\"8f98912\" data-element_type=\"widget\" data-e-type=\"widget\" data-widget_type=\"heading.default\">\n\t\t\t\t<div class=\"elementor-widget-container\">\n\t\t\t\t\t<p class=\"elementor-heading-title elementor-size-default\">Suchst du eine besondere Location f\u00fcr deine Feier? Unser idyllisches Outdoor-Restaurant bietet den perfekten Rahmen f\u00fcr Geburtstage, Hochzeitstage, Team-Events oder andere besondere Anl\u00e4sse \u2013 mitten in der Natur und mit einzigartigem Charme.\n<br \/><br \/>\nGemeinsam gestalten wir dein Event nach deinen W\u00fcnschen und stellen ein ma\u00dfgeschneidertes Angebot zusammen. Ob rustikales Farm-Dinner, ein gem\u00fctliches Lagerfeuer oder eine deftige Brotzeitplatte \u2013 wir machen deine Feier unvergesslich!<\/p>\t\t\t\t<\/div>\n\t\t\t\t<\/div>\n\t\t\t\t\t<\/div>\n\t\t<\/div>\n\t\t\t\t\t<\/div>\n\t\t<\/section>\n\t\t\t\t<section class=\"elementor-section elementor-top-section elementor-element elementor-element-f63a106 elementor-section-boxed elementor-section-height-default elementor-section-height-default nt-section-ripped-top ripped-top-no nt-section-ripped-bottom ripped-bottom-no\" data-id=\"f63a106\" data-element_type=\"section\" data-e-type=\"section\">\n\t\t\t\t\t\t<div class=\"elementor-container elementor-column-gap-default\">\n\t\t\t\t\t<div class=\"elementor-column elementor-col-100 elementor-top-column elementor-element elementor-element-0117999\" data-id=\"0117999\" data-element_type=\"column\" data-e-type=\"column\">\n\t\t\t<div class=\"elementor-widget-wrap elementor-element-populated\">\n\t\t\t\t\t\t<div class=\"elementor-element elementor-element-d275e8f agrikon-transform transform-type-translate elementor-widget elementor-widget-heading\" data-id=\"d275e8f\" data-element_type=\"widget\" data-e-type=\"widget\" data-widget_type=\"heading.default\">\n\t\t\t\t<div class=\"elementor-widget-container\">\n\t\t\t\t\t<h2 class=\"elementor-heading-title elementor-size-default\">Farmtour <\/h2>\t\t\t\t<\/div>\n\t\t\t\t<\/div>\n\t\t\t\t<div class=\"elementor-element elementor-element-a4b6162 agrikon-transform transform-type-translate elementor-widget elementor-widget-heading\" data-id=\"a4b6162\" data-element_type=\"widget\" data-e-type=\"widget\" data-widget_type=\"heading.default\">\n\t\t\t\t<div class=\"elementor-widget-container\">\n\t\t\t\t\t<p class=\"elementor-heading-title elementor-size-default\">M\u00f6chtest du tiefer in die Kaba Farm Energie eintauchen? Begleite uns auf einer Tour und erlebe den Hofalltag aus n\u00e4chster N\u00e4he. Hier bekommst du Einblicke in unsere t\u00e4glichen Routinen, von der Versorgung der Tiere bis hin zu nachhaltiger Landwirtschaft. Wer m\u00f6chte, kann direkten Kontakt zu unseren Tieren kn\u00fcpfen \u2013 ein Erlebnis f\u00fcr Gro\u00df und Klein. Nat\u00fcrlich bleibt auch genug Zeit f\u00fcr Fragen!<\/p>\t\t\t\t<\/div>\n\t\t\t\t<\/div>\n\t\t\t\t\t<\/div>\n\t\t<\/div>\n\t\t\t\t\t<\/div>\n\t\t<\/section>\n\t\t\t\t<section class=\"elementor-section elementor-top-section elementor-element elementor-element-8fbd4a1 elementor-section-boxed elementor-section-height-default elementor-section-height-default nt-section-ripped-top ripped-top-no nt-section-ripped-bottom ripped-bottom-no\" data-id=\"8fbd4a1\" data-element_type=\"section\" data-e-type=\"section\">\n\t\t\t\t\t\t<div class=\"elementor-container elementor-column-gap-default\">\n\t\t\t\t\t<div class=\"elementor-column elementor-col-100 elementor-top-column elementor-element elementor-element-859b916\" data-id=\"859b916\" data-element_type=\"column\" data-e-type=\"column\">\n\t\t\t<div class=\"elementor-widget-wrap elementor-element-populated\">\n\t\t\t\t\t\t<div class=\"elementor-element elementor-element-feefc84 agrikon-transform transform-type-translate elementor-widget elementor-widget-heading\" data-id=\"feefc84\" data-element_type=\"widget\" data-e-type=\"widget\" data-widget_type=\"heading.default\">\n\t\t\t\t<div class=\"elementor-widget-container\">\n\t\t\t\t\t<h2 class=\"elementor-heading-title elementor-size-default\">Weinbergwanderung<\/h2>\t\t\t\t<\/div>\n\t\t\t\t<\/div>\n\t\t\t\t<div class=\"elementor-element elementor-element-bddaa9b agrikon-transform transform-type-translate elementor-widget elementor-widget-heading\" data-id=\"bddaa9b\" data-element_type=\"widget\" data-e-type=\"widget\" data-widget_type=\"heading.default\">\n\t\t\t\t<div class=\"elementor-widget-container\">\n\t\t\t\t\t<p class=\"elementor-heading-title elementor-size-default\">Lass den Alltag hinter dir und finde innere Ruhe bei einer entspannten Wanderung durch die malerischen Weinberge der Kaba Farm. Auf dem Weg ziehen wir an grasenden K\u00fchen vorbei und besuchen unsere Ziegen.\n<br \/><br \/>\nOb inspirierende Gespr\u00e4che oder stilles Innehalten \u2013 diese Wanderung l\u00e4dt dich ein, die Natur mit allen Sinnen zu erleben. Am Ziel angekommen, bereiten wir gemeinsam \u00fcber dem offenen Feuer ein k\u00f6stliches Mahl zu und lassen den Tag in gem\u00fctlicher Runde ausklingen.<\/p>\t\t\t\t<\/div>\n\t\t\t\t<\/div>\n\t\t\t\t\t<\/div>\n\t\t<\/div>\n\t\t\t\t\t<\/div>\n\t\t<\/section>\n\t\t\t\t<div class=\"elementor-section elementor-top-section elementor-element elementor-element-aa8983a nt-section-ripped-top ripped-top-yes elementor-section-boxed elementor-section-height-default elementor-section-height-default nt-section-ripped-bottom ripped-bottom-no\" data-id=\"aa8983a\" data-element_type=\"section\" data-e-type=\"section\" data-settings=\"{&quot;background_background&quot;:&quot;classic&quot;}\">\n\t\t\t\t\t\t<div class=\"elementor-container elementor-column-gap-default\">\n\t\t\t\t\t<div class=\"elementor-column elementor-col-33 elementor-top-column elementor-element elementor-element-25df320\" data-id=\"25df320\" data-element_type=\"column\" data-e-type=\"column\">\n\t\t\t<div class=\"elementor-widget-wrap elementor-element-populated\">\n\t\t\t\t\t\t<div class=\"elementor-element elementor-element-deca190 elementor-invisible elementor-widget elementor-widget-agrikon-services-item\" data-id=\"deca190\" data-element_type=\"widget\" data-e-type=\"widget\" data-settings=\"{&quot;_animation&quot;:&quot;fadeInUp&quot;}\" data-widget_type=\"agrikon-services-item.default\">\n\t\t\t\t<div class=\"elementor-widget-container\">\n\t\t\t\t\t<div class=\"service-one__box services_item\"><img fetchpriority=\"high\" decoding=\"async\" width=\"500\" height=\"500\" src=\"https:\/\/kaba.farm\/wp-content\/uploads\/2025\/02\/IMG_2621-500x500.jpeg\" class=\"s-img\" alt=\"\" srcset=\"https:\/\/kaba.farm\/wp-content\/uploads\/2025\/02\/IMG_2621-500x500.jpeg 500w, https:\/\/kaba.farm\/wp-content\/uploads\/2025\/02\/IMG_2621-150x150.jpeg 150w, https:\/\/kaba.farm\/wp-content\/uploads\/2025\/02\/IMG_2621-750x750.jpeg 750w, https:\/\/kaba.farm\/wp-content\/uploads\/2025\/02\/IMG_2621-450x450.jpeg 450w, https:\/\/kaba.farm\/wp-content\/uploads\/2025\/02\/IMG_2621-100x100.jpeg 100w, https:\/\/kaba.farm\/wp-content\/uploads\/2025\/02\/IMG_2621-50x50.jpeg 50w\" sizes=\"(max-width: 500px) 100vw, 500px\" \/><div class=\"service-one__box-content\"><h3 class=\"title\"><a href=\"https:\/\/kaba.farm\/leistungen\/angebote\/private-feiern\/\" target=\"_blank\">Private Feiern<\/a><\/h3><\/div><\/div>\t\t\t\t<\/div>\n\t\t\t\t<\/div>\n\t\t\t\t\t<\/div>\n\t\t<\/div>\n\t\t\t\t<div class=\"elementor-column elementor-col-33 elementor-top-column elementor-element elementor-element-f53c9ad\" data-id=\"f53c9ad\" data-element_type=\"column\" data-e-type=\"column\">\n\t\t\t<div class=\"elementor-widget-wrap elementor-element-populated\">\n\t\t\t\t\t\t<div class=\"elementor-element elementor-element-a29ec86 elementor-invisible elementor-widget elementor-widget-agrikon-services-item\" data-id=\"a29ec86\" data-element_type=\"widget\" data-e-type=\"widget\" data-settings=\"{&quot;_animation&quot;:&quot;fadeInUp&quot;}\" data-widget_type=\"agrikon-services-item.default\">\n\t\t\t\t<div class=\"elementor-widget-container\">\n\t\t\t\t\t<div class=\"service-one__box services_item\"><img decoding=\"async\" width=\"500\" height=\"500\" src=\"https:\/\/kaba.farm\/wp-content\/uploads\/2025\/02\/IMG_2607-Cut-500x500.jpeg\" class=\"s-img\" alt=\"\" srcset=\"https:\/\/kaba.farm\/wp-content\/uploads\/2025\/02\/IMG_2607-Cut-500x500.jpeg 500w, https:\/\/kaba.farm\/wp-content\/uploads\/2025\/02\/IMG_2607-Cut-150x150.jpeg 150w, https:\/\/kaba.farm\/wp-content\/uploads\/2025\/02\/IMG_2607-Cut-750x750.jpeg 750w\" sizes=\"auto, (max-width: 500px) 100vw, 500px\" loading=\"lazy\" \/><div class=\"service-one__box-content\"><h3 class=\"title\"><a href=\"https:\/\/kaba.farm\/leistungen\/angebote\/farmtour\/\" target=\"_blank\">Farmtour<\/a><\/h3><\/div><\/div>\t\t\t\t<\/div>\n\t\t\t\t<\/div>\n\t\t\t\t\t<\/div>\n\t\t<\/div>\n\t\t\t\t<div class=\"elementor-column elementor-col-33 elementor-top-column elementor-element elementor-element-45725ef\" data-id=\"45725ef\" data-element_type=\"column\" data-e-type=\"column\">\n\t\t\t<div class=\"elementor-widget-wrap elementor-element-populated\">\n\t\t\t\t\t\t<div class=\"elementor-element elementor-element-e8e23d8 elementor-invisible elementor-widget elementor-widget-agrikon-services-item\" data-id=\"e8e23d8\" data-element_type=\"widget\" data-e-type=\"widget\" data-settings=\"{&quot;_animation&quot;:&quot;fadeInUp&quot;}\" data-widget_type=\"agrikon-services-item.default\">\n\t\t\t\t<div class=\"elementor-widget-container\">\n\t\t\t\t\t<div class=\"service-one__box services_item\"><img decoding=\"async\" width=\"500\" height=\"500\" src=\"https:\/\/kaba.farm\/wp-content\/uploads\/2025\/03\/Weinbergtour-2-500x500.jpeg\" class=\"s-img\" alt=\"\" srcset=\"https:\/\/kaba.farm\/wp-content\/uploads\/2025\/03\/Weinbergtour-2-500x500.jpeg 500w, https:\/\/kaba.farm\/wp-content\/uploads\/2025\/03\/Weinbergtour-2-150x150.jpeg 150w\" sizes=\"auto, (max-width: 500px) 100vw, 500px\" loading=\"lazy\" \/><div class=\"service-one__box-content\"><h3 class=\"title\"><a href=\"https:\/\/kaba.farm\/leistungen\/angebote\/weinbergwanderung\/\" target=\"_blank\">Weinbergwanderung<\/a><\/h3><\/div><\/div>\t\t\t\t<\/div>\n\t\t\t\t<\/div>\n\t\t\t\t\t<\/div>\n\t\t<\/div>\n\t\t\t\t\t<\/div>\n\t\t<\/div>\n\t\t\t\t<\/div>\n\t\t","protected":false},"excerpt":{"rendered":"<p>Home Erlebe besondere Momente auf unserer Farm Tauche ein in das Leben auf unserer Farm \u2013 ob bei einer gef\u00fchrten Farmtour, einer entspannten Weinbergwanderung oder einer privaten Feier in einzigartiger Umgebung. Unsere Angebote laden dazu ein, Natur, Tiere und regionale Kulinarik hautnah zu erleben. Private Feiern Suchst du eine besondere Location f\u00fcr deine Feier? Unser&#8230;<\/p>\n","protected":false},"author":1,"featured_media":6943,"parent":7291,"menu_order":0,"comment_status":"closed","ping_status":"closed","template":"","meta":{"footnotes":""},"class_list":{"0":"post-7294","1":"page","2":"type-page","3":"status-publish","4":"has-post-thumbnail","5":"hentry","6":"nt-post-class","7":"","11":"excerpt-none"},"_links":{"self":[{"href":"https:\/\/kaba.farm\/en\/wp-json\/wp\/v2\/pages\/7294","targetHints":{"allow":["GET"]}}],"collection":[{"href":"https:\/\/kaba.farm\/en\/wp-json\/wp\/v2\/pages"}],"about":[{"href":"https:\/\/kaba.farm\/en\/wp-json\/wp\/v2\/types\/page"}],"author":[{"embeddable":true,"href":"https:\/\/kaba.farm\/en\/wp-json\/wp\/v2\/users\/1"}],"replies":[{"embeddable":true,"href":"https:\/\/kaba.farm\/en\/wp-json\/wp\/v2\/comments?post=7294"}],"version-history":[{"count":0,"href":"https:\/\/kaba.farm\/en\/wp-json\/wp\/v2\/pages\/7294\/revisions"}],"up":[{"embeddable":true,"href":"https:\/\/kaba.farm\/en\/wp-json\/wp\/v2\/pages\/7291"}],"wp:featuredmedia":[{"embeddable":true,"href":"https:\/\/kaba.farm\/en\/wp-json\/wp\/v2\/media\/6943"}],"wp:attachment":[{"href":"https:\/\/kaba.farm\/en\/wp-json\/wp\/v2\/media?parent=7294"}],"curies":[{"name":"wp","href":"https:\/\/api.w.org\/{rel}","templated":true}]}}