{"id":1145,"date":"2020-12-06T18:36:13","date_gmt":"2020-12-06T18:36:13","guid":{"rendered":"https:\/\/ninetheme.com\/themes\/agrikon\/?page_id=1145"},"modified":"2025-03-06T12:05:29","modified_gmt":"2025-03-06T11:05:29","slug":"ueber-uns","status":"publish","type":"page","link":"https:\/\/kaba.farm\/de\/ueber-uns\/","title":{"rendered":"\u00dcber Uns"},"content":{"rendered":"\t\t<div data-elementor-type=\"wp-page\" data-elementor-id=\"1145\" class=\"elementor elementor-1145\">\n\t\t\t\t\t\t<section class=\"elementor-section elementor-top-section elementor-element elementor-element-26ee7b4 elementor-section-full_width elementor-section-height-default elementor-section-height-default nt-section-ripped-top ripped-top-no nt-section-ripped-bottom ripped-bottom-no\" data-id=\"26ee7b4\" data-element_type=\"section\" data-e-type=\"section\">\n\t\t\t\t\t\t<div class=\"elementor-container elementor-column-gap-no\">\n\t\t\t\t\t<div class=\"elementor-column elementor-col-100 elementor-top-column elementor-element elementor-element-6a9c756\" data-id=\"6a9c756\" data-element_type=\"column\" data-e-type=\"column\">\n\t\t\t<div class=\"elementor-widget-wrap elementor-element-populated\">\n\t\t\t\t\t\t<div class=\"elementor-element elementor-element-4d216a0 elementor-widget elementor-widget-agrikon-page-hero\" data-id=\"4d216a0\" data-element_type=\"widget\" data-e-type=\"widget\" data-widget_type=\"agrikon-page-hero.default\">\n\t\t\t\t<div class=\"elementor-widget-container\">\n\t\t\t\t\t<div class=\"page-header\"><div class=\"page-header__bg\"><\/div><div class=\"container\"><div aria-label=\"Breadcrumbs\" class=\"breadcrumb-trail breadcrumbs\"><ul class=\"breadcrumbs thm-breadcrumb list-unstyled\"><li  class=\"trail-item breadcrumb_item trail-end breadcrumb_active\"><a href=\"https:\/\/kaba.farm\/de\/\" rel=\"home\" itemprop=\"item\"><span>Home<\/span><\/a><\/li><\/ul><\/div><h2 class=\"page-title\">\u00dcber Uns<\/h2><\/div><\/div>\t\t\t\t<\/div>\n\t\t\t\t<\/div>\n\t\t\t\t\t<\/div>\n\t\t<\/div>\n\t\t\t\t\t<\/div>\n\t\t<\/section>\n\t\t\t\t<div class=\"elementor-section elementor-top-section elementor-element elementor-element-0629468 nt-section section-padding elementor-section-boxed elementor-section-height-default elementor-section-height-default nt-section-ripped-bottom ripped-bottom-no\" data-id=\"0629468\" data-element_type=\"section\" data-e-type=\"section\">\n\t\t\t\t\t\t<div class=\"elementor-container elementor-column-gap-no\">\n\t\t\t\t\t<div class=\"elementor-column elementor-col-50 elementor-top-column elementor-element elementor-element-e6c9483\" data-id=\"e6c9483\" data-element_type=\"column\" data-e-type=\"column\">\n\t\t\t<div class=\"elementor-widget-wrap elementor-element-populated\">\n\t\t\t\t\t\t<div class=\"elementor-element elementor-element-0d984ac elementor-widget elementor-widget-image\" data-id=\"0d984ac\" data-element_type=\"widget\" data-e-type=\"widget\" data-widget_type=\"image.default\">\n\t\t\t\t<div class=\"elementor-widget-container\">\n\t\t\t\t\t\t\t\t\t\t\t\t\t\t\t<img fetchpriority=\"high\" decoding=\"async\" width=\"750\" height=\"750\" src=\"https:\/\/kaba.farm\/wp-content\/uploads\/2025\/02\/IMG_2205-750x750.jpeg\" class=\"attachment-agrikon-grid size-agrikon-grid wp-image-6015\" alt=\"\" srcset=\"https:\/\/kaba.farm\/wp-content\/uploads\/2025\/02\/IMG_2205-750x750.jpeg 750w, https:\/\/kaba.farm\/wp-content\/uploads\/2025\/02\/IMG_2205-150x150.jpeg 150w, https:\/\/kaba.farm\/wp-content\/uploads\/2025\/02\/IMG_2205-500x500.jpeg 500w\" sizes=\"(max-width: 750px) 100vw, 750px\" \/>\t\t\t\t\t\t\t\t\t\t\t\t\t\t\t<\/div>\n\t\t\t\t<\/div>\n\t\t\t\t\t<\/div>\n\t\t<\/div>\n\t\t\t\t<div class=\"elementor-column elementor-col-50 elementor-top-column elementor-element elementor-element-fbdf25e\" data-id=\"fbdf25e\" data-element_type=\"column\" data-e-type=\"column\">\n\t\t\t<div class=\"elementor-widget-wrap elementor-element-populated\">\n\t\t\t\t\t\t<div class=\"elementor-element elementor-element-009c8ab agrikon-transform transform-type-translate elementor-widget elementor-widget-heading\" data-id=\"009c8ab\" data-element_type=\"widget\" data-e-type=\"widget\" data-widget_type=\"heading.default\">\n\t\t\t\t<div class=\"elementor-widget-container\">\n\t\t\t\t\t<p class=\"elementor-heading-title elementor-size-default\">ECHTE FRISCHE AUS DER NATUR<\/p>\t\t\t\t<\/div>\n\t\t\t\t<\/div>\n\t\t\t\t<div class=\"elementor-element elementor-element-d30face agrikon-transform transform-type-translate elementor-widget elementor-widget-heading\" data-id=\"d30face\" data-element_type=\"widget\" data-e-type=\"widget\" data-widget_type=\"heading.default\">\n\t\t\t\t<div class=\"elementor-widget-container\">\n\t\t\t\t\t<h3 class=\"elementor-heading-title elementor-size-default\">Genuss beginnt mit bester Qualit\u00e4t<\/h3>\t\t\t\t<\/div>\n\t\t\t\t<\/div>\n\t\t\t\t<div class=\"elementor-section elementor-inner-section elementor-element elementor-element-88d3ce9 elementor-section-boxed elementor-section-height-default elementor-section-height-default nt-section-ripped-top ripped-top-no nt-section-ripped-bottom ripped-bottom-no\" data-id=\"88d3ce9\" data-element_type=\"section\" data-e-type=\"section\">\n\t\t\t\t\t\t<div class=\"elementor-container elementor-column-gap-no\">\n\t\t\t\t\t<div class=\"elementor-column elementor-col-50 elementor-inner-column elementor-element elementor-element-1c65970\" data-id=\"1c65970\" data-element_type=\"column\" data-e-type=\"column\">\n\t\t\t<div class=\"elementor-widget-wrap elementor-element-populated\">\n\t\t\t\t\t\t<div class=\"elementor-element elementor-element-4cc907b elementor-align-start elementor-icon-list--layout-traditional elementor-list-item-link-full_width elementor-widget elementor-widget-icon-list\" data-id=\"4cc907b\" data-element_type=\"widget\" data-e-type=\"widget\" data-widget_type=\"icon-list.default\">\n\t\t\t\t<div class=\"elementor-widget-container\">\n\t\t\t\t\t\t\t<ul class=\"elementor-icon-list-items\">\n\t\t\t\t\t\t\t<li class=\"elementor-icon-list-item\">\n\t\t\t\t\t\t\t\t\t\t\t<span class=\"elementor-icon-list-icon\">\n\t\t\t\t\t\t\t<svg aria-hidden=\"true\" class=\"e-font-icon-svg e-fas-check-circle\" viewBox=\"0 0 512 512\" xmlns=\"http:\/\/www.w3.org\/2000\/svg\"><path d=\"M504 256c0 136.967-111.033 248-248 248S8 392.967 8 256 119.033 8 256 8s248 111.033 248 248zM227.314 387.314l184-184c6.248-6.248 6.248-16.379 0-22.627l-22.627-22.627c-6.248-6.249-16.379-6.249-22.628 0L216 308.118l-70.059-70.059c-6.248-6.248-16.379-6.248-22.628 0l-22.627 22.627c-6.248 6.248-6.248 16.379 0 22.627l104 104c6.249 6.249 16.379 6.249 22.628.001z\"><\/path><\/svg>\t\t\t\t\t\t<\/span>\n\t\t\t\t\t\t\t\t\t\t<span class=\"elementor-icon-list-text\">Liebe zur Region<\/span>\n\t\t\t\t\t\t\t\t\t<\/li>\n\t\t\t\t\t\t\t\t<li class=\"elementor-icon-list-item\">\n\t\t\t\t\t\t\t\t\t\t\t<span class=\"elementor-icon-list-icon\">\n\t\t\t\t\t\t\t<svg aria-hidden=\"true\" class=\"e-font-icon-svg e-fas-check-circle\" viewBox=\"0 0 512 512\" xmlns=\"http:\/\/www.w3.org\/2000\/svg\"><path d=\"M504 256c0 136.967-111.033 248-248 248S8 392.967 8 256 119.033 8 256 8s248 111.033 248 248zM227.314 387.314l184-184c6.248-6.248 6.248-16.379 0-22.627l-22.627-22.627c-6.248-6.249-16.379-6.249-22.628 0L216 308.118l-70.059-70.059c-6.248-6.248-16.379-6.248-22.628 0l-22.627 22.627c-6.248 6.248-6.248 16.379 0 22.627l104 104c6.249 6.249 16.379 6.249 22.628.001z\"><\/path><\/svg>\t\t\t\t\t\t<\/span>\n\t\t\t\t\t\t\t\t\t\t<span class=\"elementor-icon-list-text\">slow food<\/span>\n\t\t\t\t\t\t\t\t\t<\/li>\n\t\t\t\t\t\t<\/ul>\n\t\t\t\t\t\t<\/div>\n\t\t\t\t<\/div>\n\t\t\t\t\t<\/div>\n\t\t<\/div>\n\t\t\t\t<div class=\"elementor-column elementor-col-50 elementor-inner-column elementor-element elementor-element-cf66187\" data-id=\"cf66187\" data-element_type=\"column\" data-e-type=\"column\">\n\t\t\t<div class=\"elementor-widget-wrap elementor-element-populated\">\n\t\t\t\t\t\t<div class=\"elementor-element elementor-element-3da14e1 elementor-align-start elementor-icon-list--layout-traditional elementor-list-item-link-full_width elementor-widget elementor-widget-icon-list\" data-id=\"3da14e1\" data-element_type=\"widget\" data-e-type=\"widget\" data-widget_type=\"icon-list.default\">\n\t\t\t\t<div class=\"elementor-widget-container\">\n\t\t\t\t\t\t\t<ul class=\"elementor-icon-list-items\">\n\t\t\t\t\t\t\t<li class=\"elementor-icon-list-item\">\n\t\t\t\t\t\t\t\t\t\t\t<span class=\"elementor-icon-list-icon\">\n\t\t\t\t\t\t\t<svg aria-hidden=\"true\" class=\"e-font-icon-svg e-fas-check-circle\" viewBox=\"0 0 512 512\" xmlns=\"http:\/\/www.w3.org\/2000\/svg\"><path d=\"M504 256c0 136.967-111.033 248-248 248S8 392.967 8 256 119.033 8 256 8s248 111.033 248 248zM227.314 387.314l184-184c6.248-6.248 6.248-16.379 0-22.627l-22.627-22.627c-6.248-6.249-16.379-6.249-22.628 0L216 308.118l-70.059-70.059c-6.248-6.248-16.379-6.248-22.628 0l-22.627 22.627c-6.248 6.248-6.248 16.379 0 22.627l104 104c6.249 6.249 16.379 6.249 22.628.001z\"><\/path><\/svg>\t\t\t\t\t\t<\/span>\n\t\t\t\t\t\t\t\t\t\t<span class=\"elementor-icon-list-text\">Farm to Table<\/span>\n\t\t\t\t\t\t\t\t\t<\/li>\n\t\t\t\t\t\t\t\t<li class=\"elementor-icon-list-item\">\n\t\t\t\t\t\t\t\t\t\t\t<span class=\"elementor-icon-list-icon\">\n\t\t\t\t\t\t\t<svg aria-hidden=\"true\" class=\"e-font-icon-svg e-fas-check-circle\" viewBox=\"0 0 512 512\" xmlns=\"http:\/\/www.w3.org\/2000\/svg\"><path d=\"M504 256c0 136.967-111.033 248-248 248S8 392.967 8 256 119.033 8 256 8s248 111.033 248 248zM227.314 387.314l184-184c6.248-6.248 6.248-16.379 0-22.627l-22.627-22.627c-6.248-6.249-16.379-6.249-22.628 0L216 308.118l-70.059-70.059c-6.248-6.248-16.379-6.248-22.628 0l-22.627 22.627c-6.248 6.248-6.248 16.379 0 22.627l104 104c6.249 6.249 16.379 6.249 22.628.001z\"><\/path><\/svg>\t\t\t\t\t\t<\/span>\n\t\t\t\t\t\t\t\t\t\t<span class=\"elementor-icon-list-text\">Echte Qualit\u00e4t<\/span>\n\t\t\t\t\t\t\t\t\t<\/li>\n\t\t\t\t\t\t<\/ul>\n\t\t\t\t\t\t<\/div>\n\t\t\t\t<\/div>\n\t\t\t\t\t<\/div>\n\t\t<\/div>\n\t\t\t\t\t<\/div>\n\t\t<\/div>\n\t\t\t\t<div class=\"elementor-element elementor-element-1698658 agrikon-transform transform-type-translate elementor-widget elementor-widget-heading\" data-id=\"1698658\" data-element_type=\"widget\" data-e-type=\"widget\" data-widget_type=\"heading.default\">\n\t\t\t\t<div class=\"elementor-widget-container\">\n\t\t\t\t\t<p class=\"elementor-heading-title elementor-size-default\">Unsere Lebensmittel sind mehr als nur Produkte; sie sind das Ergebnis unserer Leidenschaft, unseres Respekts vor der Natur und unserer \u00dcberzeugung, dass gutes Essen von Herzen kommt. Bei uns wei\u00df man genau, woher jedes Lebensmittel stammt und mit wieviel Sorgfalt es hergestellt wurde. <\/p>\t\t\t\t<\/div>\n\t\t\t\t<\/div>\n\t\t\t\t\t<\/div>\n\t\t<\/div>\n\t\t\t\t\t<\/div>\n\t\t<\/div>\n\t\t\t\t<div class=\"elementor-section elementor-top-section elementor-element elementor-element-e938c98 elementor-section-full_width elementor-section-height-default elementor-section-height-default\" data-id=\"e938c98\" data-element_type=\"section\" data-e-type=\"section\">\n\t\t\t\t\t\t<div class=\"elementor-container elementor-column-gap-no\">\n\t\t\t\t\t<div class=\"elementor-column elementor-col-100 elementor-top-column elementor-element elementor-element-a488285\" data-id=\"a488285\" data-element_type=\"column\" data-e-type=\"column\">\n\t\t\t<div class=\"elementor-widget-wrap elementor-element-populated\">\n\t\t\t\t\t\t<div class=\"elementor-element elementor-element-409b961 elementor-widget elementor-widget-agrikon-team-slider\" data-id=\"409b961\" data-element_type=\"widget\" data-e-type=\"widget\" data-widget_type=\"agrikon-team-slider.default\">\n\t\t\t\t<div class=\"elementor-widget-container\">\n\t\t\t\t\t<div class=\"team-one\"><img decoding=\"async\" width=\"300\" height=\"55\" src=\"https:\/\/kaba.farm\/wp-content\/uploads\/2020\/12\/team-bg.png\" class=\"team-one__bg\" alt=\"\" loading=\"lazy\" \/><div class=\"container\"><div class=\"row\"><div class=\"col-md-12 col-lg-12 col-xl-5\"><div class=\"team-one__content\"><div class=\"block-title\"><div class=\"block-title__image\"><\/div><p class=\"title\">Triff auf die Kaba Farm<\/p><h2 class=\"title\">Ein eingespieltes Team<\/h2><\/div><div class=\"team-one__summery\"><p>Unsere Leidenschaft f\u00fcr die Natur verbindet uns. Mit Hingabe und Erfahrung sorgen wir f\u00fcr beste Qualit\u00e4t und nachhaltige Landwirtschaft.<\/p><\/div><div class=\"team-one__nav\"><div class=\"swiper-button-prev team-one__next409b961\"><i class=\"agrikon-icon-left-arrow\"><\/i><\/div><div class=\"swiper-button-next team-one__prev409b961\"><i class=\"agrikon-icon-right-arrow\"><\/i><\/div><\/div><\/div><\/div><\/div><\/div><div class=\"team-one__carousel-wrap\"><div class=\"thm-swiper__slider swiper-container\" data-swiper-options='{\"loop\": false,\"spaceBetween\": 0, \"slidesPerView\": 1, \"slidesPerGroup\": 1, \"autoplay\": false, \"navigation\": {\"nextEl\": \".team-one__next409b961\",\"prevEl\": \".team-one__prev409b961\"},\"breakpoints\": {\"0\": {\"spaceBetween\": 0,\"slidesPerView\": 1,\"slidesPerGroup\": 1},\"768\": {\"spaceBetween\": 30,\"slidesPerView\": 2,\"slidesPerGroup\": 2},\"1024\": {\"spaceBetween\": 30,\"slidesPerView\": 4,\"slidesPerGroup\": 4}}}'><div class=\"swiper-wrapper\"><div class=\"swiper-slide\"><div class=\"team-card\"><div class=\"team-card__image\"><img decoding=\"async\" width=\"300\" height=\"300\" src=\"https:\/\/kaba.farm\/wp-content\/uploads\/2025\/02\/ts_2ba871f7_d4c3_4b17_b9d4_772d70301480-Kopie-2-1-500x500.png\" class=\"t-img\" alt=\"\" srcset=\"https:\/\/kaba.farm\/wp-content\/uploads\/2025\/02\/ts_2ba871f7_d4c3_4b17_b9d4_772d70301480-Kopie-2-1-500x500.png 500w, https:\/\/kaba.farm\/wp-content\/uploads\/2025\/02\/ts_2ba871f7_d4c3_4b17_b9d4_772d70301480-Kopie-2-1-150x150.png 150w\" sizes=\"auto, (max-width: 300px) 100vw, 300px\" loading=\"lazy\" \/><div class=\"team-card__social\"><a href=\"https:\/\/www.facebook.com\/kabafarm\/\" class=\"fab fa-facebook-square\"><\/a>\n<a href=\"https:\/\/www.instagram.com\/kabafarm.life\" class=\"fab fa-instagram\"><\/a><\/div><\/div><h3 class=\"name\">Lamine Kaba<\/h3><p>Gr\u00fcnder & Gastrofarmer<\/p><\/div><\/div><div class=\"swiper-slide\"><div class=\"team-card\"><div class=\"team-card__image\"><img loading=\"lazy\" decoding=\"async\" width=\"300\" height=\"300\" src=\"https:\/\/kaba.farm\/wp-content\/uploads\/2025\/02\/IMG_2586-1-500x500.jpeg\" class=\"t-img\" alt=\"\" srcset=\"https:\/\/kaba.farm\/wp-content\/uploads\/2025\/02\/IMG_2586-1-500x500.jpeg 500w, https:\/\/kaba.farm\/wp-content\/uploads\/2025\/02\/IMG_2586-1-150x150.jpeg 150w, https:\/\/kaba.farm\/wp-content\/uploads\/2025\/02\/IMG_2586-1-750x750.jpeg 750w\" sizes=\"auto, (max-width: 300px) 100vw, 300px\" \/><div class=\"team-card__social\"><a href=\"https:\/\/www.facebook.com\/kabafarm\/\" class=\"fab fa-facebook-square\"><\/a>\n<a href=\"https:\/\/www.instagram.com\/kabafarm.life\" class=\"fab fa-instagram\"><\/a><\/div><\/div><h3 class=\"name\">Judith Coke<\/h3><p>Administration<\/p><\/div><\/div><div class=\"swiper-slide\"><div class=\"team-card\"><div class=\"team-card__image\"><img loading=\"lazy\" decoding=\"async\" width=\"300\" height=\"300\" src=\"https:\/\/kaba.farm\/wp-content\/uploads\/2025\/02\/IMG_2599-450x450.jpeg\" class=\"t-img\" alt=\"\" srcset=\"https:\/\/kaba.farm\/wp-content\/uploads\/2025\/02\/IMG_2599-450x450.jpeg 450w, https:\/\/kaba.farm\/wp-content\/uploads\/2025\/02\/IMG_2599-150x150.jpeg 150w, https:\/\/kaba.farm\/wp-content\/uploads\/2025\/02\/IMG_2599-500x500.jpeg 500w, https:\/\/kaba.farm\/wp-content\/uploads\/2025\/02\/IMG_2599-750x750.jpeg 750w, https:\/\/kaba.farm\/wp-content\/uploads\/2025\/02\/IMG_2599-100x100.jpeg 100w, https:\/\/kaba.farm\/wp-content\/uploads\/2025\/02\/IMG_2599-50x50.jpeg 50w\" sizes=\"auto, (max-width: 300px) 100vw, 300px\" \/><div class=\"team-card__social\"><a href=\"https:\/\/www.facebook.com\/kabafarm\/\" class=\"fab fa-facebook-square\"><\/a>\n<a href=\"https:\/\/www.instagram.com\/kabafarm.life\" class=\"fab fa-instagram\"><\/a><\/div><\/div><h3 class=\"name\">Daniel Fazekas<\/h3><p>Farmmeister<\/p><\/div><\/div><div class=\"swiper-slide\"><div class=\"team-card\"><div class=\"team-card__image\"><img loading=\"lazy\" decoding=\"async\" width=\"300\" height=\"300\" src=\"https:\/\/kaba.farm\/wp-content\/uploads\/woocommerce-placeholder-300x300.png\" class=\"t-img\" alt=\"\" srcset=\"https:\/\/kaba.farm\/wp-content\/uploads\/woocommerce-placeholder-300x300.png 300w, https:\/\/kaba.farm\/wp-content\/uploads\/woocommerce-placeholder-450x450.png 450w, https:\/\/kaba.farm\/wp-content\/uploads\/woocommerce-placeholder-100x100.png 100w, https:\/\/kaba.farm\/wp-content\/uploads\/woocommerce-placeholder-980x980.png 980w, https:\/\/kaba.farm\/wp-content\/uploads\/woocommerce-placeholder-1024x1024.png 1024w, https:\/\/kaba.farm\/wp-content\/uploads\/woocommerce-placeholder-150x150.png 150w, https:\/\/kaba.farm\/wp-content\/uploads\/woocommerce-placeholder-768x768.png 768w, https:\/\/kaba.farm\/wp-content\/uploads\/woocommerce-placeholder-500x500.png 500w, https:\/\/kaba.farm\/wp-content\/uploads\/woocommerce-placeholder-750x750.png 750w, https:\/\/kaba.farm\/wp-content\/uploads\/woocommerce-placeholder.png 1200w\" sizes=\"auto, (max-width: 300px) 100vw, 300px\" \/><div class=\"team-card__social\"><a href=\"https:\/\/www.facebook.com\/kabafarm\/\" class=\"fab fa-facebook-square\"><\/a>\n<a href=\"https:\/\/www.instagram.com\/kabafarm.life\" class=\"fab fa-instagram\"><\/a><\/div><\/div><h3 class=\"name\">Simone Tschanz<\/h3><p>Gr\u00fcnderin<\/p><\/div><\/div><\/div><\/div><\/div><\/div>\t\t\t\t<\/div>\n\t\t\t\t<\/div>\n\t\t\t\t\t<\/div>\n\t\t<\/div>\n\t\t\t\t\t<\/div>\n\t\t<\/div>\n\t\t\t\t<div class=\"elementor-section elementor-top-section elementor-element elementor-element-9057d79 elementor-section-boxed elementor-section-height-default elementor-section-height-default nt-section-ripped-bottom ripped-bottom-no\" data-id=\"9057d79\" data-element_type=\"section\" data-e-type=\"section\" data-settings=\"{&quot;background_background&quot;:&quot;classic&quot;}\">\n\t\t\t\t\t\t<div class=\"elementor-container elementor-column-gap-default\">\n\t\t\t\t\t<div class=\"elementor-column elementor-col-25 elementor-top-column elementor-element elementor-element-c89ff6e\" data-id=\"c89ff6e\" data-element_type=\"column\" data-e-type=\"column\">\n\t\t\t<div class=\"elementor-widget-wrap elementor-element-populated\">\n\t\t\t\t\t\t<div class=\"elementor-element elementor-element-f69cbb0 elementor-invisible elementor-widget elementor-widget-agrikon-services-item\" data-id=\"f69cbb0\" data-element_type=\"widget\" data-e-type=\"widget\" data-settings=\"{&quot;_animation&quot;:&quot;fadeInUp&quot;}\" data-widget_type=\"agrikon-services-item.default\">\n\t\t\t\t<div class=\"elementor-widget-container\">\n\t\t\t\t\t<div class=\"service-one__box services_item\"><img loading=\"lazy\" decoding=\"async\" width=\"500\" height=\"500\" src=\"https:\/\/kaba.farm\/wp-content\/uploads\/2025\/03\/Angebote-Titelbild-500x500.jpeg\" class=\"s-img\" alt=\"\" srcset=\"https:\/\/kaba.farm\/wp-content\/uploads\/2025\/03\/Angebote-Titelbild-500x500.jpeg 500w, https:\/\/kaba.farm\/wp-content\/uploads\/2025\/03\/Angebote-Titelbild-150x150.jpeg 150w, https:\/\/kaba.farm\/wp-content\/uploads\/2025\/03\/Angebote-Titelbild-750x750.jpeg 750w\" sizes=\"auto, (max-width: 500px) 100vw, 500px\" \/><div class=\"service-one__box-content\"><h3 class=\"title\"><a href=\"https:\/\/kaba.farm\/leistungen\/angebote\/\" target=\"_blank\">Angebote<\/a><\/h3><\/div><\/div>\t\t\t\t<\/div>\n\t\t\t\t<\/div>\n\t\t\t\t\t<\/div>\n\t\t<\/div>\n\t\t\t\t<div class=\"elementor-column elementor-col-25 elementor-top-column elementor-element elementor-element-eddecac\" data-id=\"eddecac\" data-element_type=\"column\" data-e-type=\"column\">\n\t\t\t<div class=\"elementor-widget-wrap elementor-element-populated\">\n\t\t\t\t\t\t<div class=\"elementor-element elementor-element-22c1a91 elementor-invisible elementor-widget elementor-widget-agrikon-services-item\" data-id=\"22c1a91\" data-element_type=\"widget\" data-e-type=\"widget\" data-settings=\"{&quot;_animation&quot;:&quot;fadeInUp&quot;}\" data-widget_type=\"agrikon-services-item.default\">\n\t\t\t\t<div class=\"elementor-widget-container\">\n\t\t\t\t\t<div class=\"service-one__box services_item\"><img loading=\"lazy\" decoding=\"async\" width=\"500\" height=\"500\" src=\"https:\/\/kaba.farm\/wp-content\/uploads\/2025\/02\/Glamping-2-500x500.jpeg\" class=\"s-img\" alt=\"\" srcset=\"https:\/\/kaba.farm\/wp-content\/uploads\/2025\/02\/Glamping-2-500x500.jpeg 500w, https:\/\/kaba.farm\/wp-content\/uploads\/2025\/02\/Glamping-2-150x150.jpeg 150w, https:\/\/kaba.farm\/wp-content\/uploads\/2025\/02\/Glamping-2-750x750.jpeg 750w\" sizes=\"auto, (max-width: 500px) 100vw, 500px\" \/><div class=\"service-one__box-content\"><h3 class=\"title\"><a href=\"https:\/\/kaba.farm\/leistungen\/glamping\/\" target=\"_blank\">Glamping<\/a><\/h3><\/div><\/div>\t\t\t\t<\/div>\n\t\t\t\t<\/div>\n\t\t\t\t\t<\/div>\n\t\t<\/div>\n\t\t\t\t<div class=\"elementor-column elementor-col-25 elementor-top-column elementor-element elementor-element-ccdd350\" data-id=\"ccdd350\" data-element_type=\"column\" data-e-type=\"column\">\n\t\t\t<div class=\"elementor-widget-wrap elementor-element-populated\">\n\t\t\t\t\t\t<div class=\"elementor-element elementor-element-13f2ec8 elementor-invisible elementor-widget elementor-widget-agrikon-services-item\" data-id=\"13f2ec8\" data-element_type=\"widget\" data-e-type=\"widget\" data-settings=\"{&quot;_animation&quot;:&quot;fadeInUp&quot;}\" data-widget_type=\"agrikon-services-item.default\">\n\t\t\t\t<div class=\"elementor-widget-container\">\n\t\t\t\t\t<div class=\"service-one__box services_item\"><img loading=\"lazy\" decoding=\"async\" width=\"500\" height=\"500\" src=\"https:\/\/kaba.farm\/wp-content\/uploads\/2025\/02\/ts_29c5e17d_ffee_443b_ba1b_b3c8c32b6837-500x500.webp\" class=\"s-img\" alt=\"\" srcset=\"https:\/\/kaba.farm\/wp-content\/uploads\/2025\/02\/ts_29c5e17d_ffee_443b_ba1b_b3c8c32b6837-500x500.webp 500w, https:\/\/kaba.farm\/wp-content\/uploads\/2025\/02\/ts_29c5e17d_ffee_443b_ba1b_b3c8c32b6837-150x150.webp 150w, https:\/\/kaba.farm\/wp-content\/uploads\/2025\/02\/ts_29c5e17d_ffee_443b_ba1b_b3c8c32b6837-750x750.webp 750w, https:\/\/kaba.farm\/wp-content\/uploads\/2025\/02\/ts_29c5e17d_ffee_443b_ba1b_b3c8c32b6837-450x450.webp 450w, https:\/\/kaba.farm\/wp-content\/uploads\/2025\/02\/ts_29c5e17d_ffee_443b_ba1b_b3c8c32b6837-100x100.webp 100w, https:\/\/kaba.farm\/wp-content\/uploads\/2025\/02\/ts_29c5e17d_ffee_443b_ba1b_b3c8c32b6837-50x50.webp 50w\" sizes=\"auto, (max-width: 500px) 100vw, 500px\" \/><div class=\"service-one__box-content\"><h3 class=\"title\"><a href=\"https:\/\/kaba.farm\/leistungen\/restaurant\/\" target=\"_blank\">Restaurant<\/a><\/h3><\/div><\/div>\t\t\t\t<\/div>\n\t\t\t\t<\/div>\n\t\t\t\t\t<\/div>\n\t\t<\/div>\n\t\t\t\t<div class=\"elementor-column elementor-col-25 elementor-top-column elementor-element elementor-element-c2507eb\" data-id=\"c2507eb\" data-element_type=\"column\" data-e-type=\"column\">\n\t\t\t<div class=\"elementor-widget-wrap elementor-element-populated\">\n\t\t\t\t\t\t<div class=\"elementor-element elementor-element-497839e elementor-invisible elementor-widget elementor-widget-agrikon-services-item\" data-id=\"497839e\" data-element_type=\"widget\" data-e-type=\"widget\" data-settings=\"{&quot;_animation&quot;:&quot;fadeInUp&quot;}\" data-widget_type=\"agrikon-services-item.default\">\n\t\t\t\t<div class=\"elementor-widget-container\">\n\t\t\t\t\t<div class=\"service-one__box services_item\"><img loading=\"lazy\" decoding=\"async\" width=\"500\" height=\"500\" src=\"https:\/\/kaba.farm\/wp-content\/uploads\/2025\/02\/IMG_2586-500x500.jpeg\" class=\"s-img\" alt=\"\" srcset=\"https:\/\/kaba.farm\/wp-content\/uploads\/2025\/02\/IMG_2586-500x500.jpeg 500w, https:\/\/kaba.farm\/wp-content\/uploads\/2025\/02\/IMG_2586-150x150.jpeg 150w, https:\/\/kaba.farm\/wp-content\/uploads\/2025\/02\/IMG_2586-750x750.jpeg 750w, https:\/\/kaba.farm\/wp-content\/uploads\/2025\/02\/IMG_2586-450x450.jpeg 450w, https:\/\/kaba.farm\/wp-content\/uploads\/2025\/02\/IMG_2586-100x100.jpeg 100w, https:\/\/kaba.farm\/wp-content\/uploads\/2025\/02\/IMG_2586-50x50.jpeg 50w\" sizes=\"auto, (max-width: 500px) 100vw, 500px\" \/><div class=\"service-one__box-content\"><h3 class=\"title\"><a href=\"https:\/\/kaba.farm\/leistungen\/tierpatenschaften\/\" target=\"_blank\">Tierpatenschaften<\/a><\/h3><\/div><\/div>\t\t\t\t<\/div>\n\t\t\t\t<\/div>\n\t\t\t\t\t<\/div>\n\t\t<\/div>\n\t\t\t\t\t<\/div>\n\t\t<\/div>\n\t\t\t\t<\/div>\n\t\t","protected":false},"excerpt":{"rendered":"<p>Home \u00dcber Uns ECHTE FRISCHE AUS DER NATUR Genuss beginnt mit bester Qualit\u00e4t Liebe zur Region slow food Farm to Table Echte Qualit\u00e4t Unsere Lebensmittel sind mehr als nur Produkte; sie sind das Ergebnis unserer Leidenschaft, unseres Respekts vor der Natur und unserer \u00dcberzeugung, dass gutes Essen von Herzen kommt. Bei uns wei\u00df man genau,&#8230;<\/p>\n","protected":false},"author":1,"featured_media":0,"parent":0,"menu_order":0,"comment_status":"closed","ping_status":"closed","template":"","meta":{"footnotes":""},"class_list":{"0":"post-1145","1":"page","2":"type-page","3":"status-publish","4":"hentry","5":"nt-post-class","6":"","8":"thumb-none","10":"excerpt-none"},"_links":{"self":[{"href":"https:\/\/kaba.farm\/de\/wp-json\/wp\/v2\/pages\/1145","targetHints":{"allow":["GET"]}}],"collection":[{"href":"https:\/\/kaba.farm\/de\/wp-json\/wp\/v2\/pages"}],"about":[{"href":"https:\/\/kaba.farm\/de\/wp-json\/wp\/v2\/types\/page"}],"author":[{"embeddable":true,"href":"https:\/\/kaba.farm\/de\/wp-json\/wp\/v2\/users\/1"}],"replies":[{"embeddable":true,"href":"https:\/\/kaba.farm\/de\/wp-json\/wp\/v2\/comments?post=1145"}],"version-history":[{"count":0,"href":"https:\/\/kaba.farm\/de\/wp-json\/wp\/v2\/pages\/1145\/revisions"}],"wp:attachment":[{"href":"https:\/\/kaba.farm\/de\/wp-json\/wp\/v2\/media?parent=1145"}],"curies":[{"name":"wp","href":"https:\/\/api.w.org\/{rel}","templated":true}]}}